{"id":130,"date":"2020-01-17T16:26:19","date_gmt":"2020-01-17T15:26:19","guid":{"rendered":"https:\/\/kee.cp2.tuke.sk\/?page_id=130"},"modified":"2022-10-27T10:50:27","modified_gmt":"2022-10-27T08:50:27","slug":"laboratorium-zivotneho-prostredia","status":"publish","type":"page","link":"https:\/\/kee.fei.tuke.sk\/?page_id=130","title":{"rendered":"Laborat\u00f3rium \u017eivotn\u00e9ho prostredia"},"content":{"rendered":"\n<p>Ved\u00faci laborat\u00f3ria:<strong> <\/strong>Ing. Samuel Bucko, PhD.<\/p>\n\n\n\n<p>Laborat\u00f3rium \u017eivotn\u00e9ho prostredia sl\u00fa\u017ei pre \u00fa\u010dely&nbsp; laborat\u00f3rnych cvi\u010den\u00ed pre posluch\u00e1\u010dov Fakulty elektrotechniky a informatiky Technickej univerzity v Ko\u0161iciach v r\u00e1mci v\u00fdu\u010dby predmetov Z\u00e1klady environmentalistiky a&nbsp;Elektroenergetika a&nbsp;\u017eivotn\u00e9 prostredie. Pr\u00edstrojov\u00e9 vybavenie laborat\u00f3ria umo\u017e\u0148uje tie\u017e realizova\u0165 prev\u00e1dzkov\u00e9 merania pre prax.<\/p>\n\n\n\n<p>Predmety a v\u00fdstupy vzdel\u00e1vania:<\/p>\n\n\n\n<ul><li>Bakal\u00e1rske \u0161t\u00fadium: <strong>Predmet Ekonomika v&nbsp;elektroenergetike<\/strong> (Z\u00e1kladn\u00e9 v\u00fdpo\u010dtov\u00e9 znalosti a zru\u010dnosti v oblasti ekonomiky v\u00fdroby, prenosu, rozvodu a spotreby elektrickej energie),<\/li><li>Bakal\u00e1rske \u0161t\u00fadium: <strong>Predmet z\u00e1klady environmentalistiky<\/strong> ( Z\u00e1kladn\u00e9 znalosti o&nbsp;faktoroch \u017eivotn\u00e9ho prostredia, s&nbsp;d\u00f4razom na probl\u00e9my elektrotechniky a&nbsp;elektroenergetiky)<\/li><\/ul>\n\n\n\n<p>Na meranie vybran\u00fdch fyzik\u00e1lnych parametrov pracovn\u00e9ho prostredia s\u00fa k dispoz\u00edcii tieto meracie pr\u00edstroje:<\/p>\n\n\n\n<p><strong>Pr\u00edstroj na meranie hladiny hluku \u2013 hlukomer TESTO 816<\/strong> \u2013 sl\u00fa\u017ei na meranie hluku v oblasti bezpe\u010dnosti pr\u00e1ce a ochrany na pracovisk\u00e1ch, v priemyslov\u00fdch a v\u00fdrobn\u00fdch hal\u00e1ch a tie\u017e na verejn\u00fdch miestach, v rozsahu 30 \u00f7 130 dB, s&nbsp;presnos\u0165ou \u00b11,4 dB v&nbsp;frekven\u010dnej oblasti 0 Hz \u00f7 8 kHz.&nbsp; Umo\u017e\u0148uje presn\u00e9 bodov\u00e9 meranie a dlhodob\u00e9 posudzovanie hluku. \u010casov\u00e9 hodnotenie sa m\u00f4\u017ee pod\u013ea po\u017eiadaviek nastavi\u0165 na Slow (1 s, pomal\u00e9) alebo na Fast (125 ms, r\u00fdchle).<\/p>\n\n\n\n<div class=\"wp-block-image\"><figure class=\"aligncenter size-large is-resized\"><img loading=\"lazy\" src=\"https:\/\/kee.fei.tuke.sk\/wp-content\/uploads\/2021\/03\/obr.1-4.jpg\" alt=\"\" width=\"710\" height=\"419\"\/><\/figure><\/div>\n\n\n\n<p><strong>Pr\u00edstroj na meranie osvetlenosti (intenzity osvetlenia)&nbsp; \u2013 luxmeter LUTRON LX-1102<\/strong> \u2013m\u00e1 p\u00e4\u0165 merac\u00edch rozsahov v&nbsp;\u0161irokom p\u00e1sme 40 \u00f7 400000 luxov, s&nbsp;vysok\u00fdm rozl\u00ed\u0161en\u00edm 0,01 \u00f7 100 luxov, s&nbsp;presnos\u0165ou \u00b1(3 % + 0,5 %). Oddelite\u013en\u00e1 sveteln\u00e1 sonda umo\u017e\u0148uje meranie osvetlenia v&nbsp;optim\u00e1lnej polohe.<\/p>\n\n\n\n<p><strong>Pr\u00edstroje na meranie mikrokl\u00edmy vn\u00fatorn\u00e9ho prostredia \u2013 2 dotykov\u00e9 teplomery Digitherm 01,<\/strong> <strong>termohygrometer&nbsp; Testo 608-H1 a anemometer Lutron LM-81AM. <\/strong>TermohygrometerTesto 608-H1 umo\u017e\u0148uje meranie teploty (v rozsahu -20 \u00f7 +50 \u00b0C) a&nbsp;relat\u00edvnej vlhkosti (v rozsahu 10 \u00f7 95 %), z\u00e1rove\u0148 aj v\u00fdpo\u010det a&nbsp;zobrazenie rosn\u00e9ho bodu. Anemometer Lutron LM-81AM sl\u00fa\u017ei na meranie r\u00fdchlosti pr\u00fadenia vzduchu v&nbsp;rozsahu 0,4 \u00f7 30 m\/s, pri prev\u00e1dzkovej teplote 0 \u00f7 50 \u00b0C a&nbsp;relat\u00edvnej vlhkosti max. 80%.<\/p>\n\n\n\n<p><strong>Pr\u00edstroje na meranie elektrick\u00e9ho, magnetick\u00e9ho a&nbsp;elektromagnetick\u00e9ho po\u013ea \u2013 <\/strong>pr\u00edstroj <strong>Lutron EMF 823 <\/strong>umo\u017e\u0148uje meranie magnetickej indukcie n\u00edzkofrekven\u010dn\u00fdch elektromagnetick\u00fdch pol\u00ed &nbsp;na merac\u00edch rozsahoch do 20, 200 a&nbsp;2000 \u00b5T pre frekvencie 30 \u00f7300 Hz, s&nbsp;presnos\u0165ou \u00b1 4 % pre rozsah 20 \u00b5T, \u00b1 5% pre rozsah 200 \u00b5T a \u00b1 10 % pre rozsah 2000 \u00b5T. Pr\u00edstroj <strong>Chauvin Arnoux C.A 42<\/strong> sl\u00fa\u017ei na meranie magnetickej indukcie v&nbsp;rozsahu 200 nT \u00f7 40 mT, pre frekven\u010dn\u00fd rozsah 10 Hz \u00f7 30 kHz. <strong>Elektrosmog analyz\u00e1tor<\/strong> <strong>ME3830B<\/strong> umo\u017e\u0148uje meranie elektrick\u00fdch a&nbsp;magnetick\u00fdch pol\u00ed s&nbsp;frekven\u010dn\u00fdm rozsahom 16 Hz \u00f7 100 kHz, pre intenzity elektrick\u00e9ho po\u013ea 1 \u00f71999 V\/m a&nbsp;magnetick\u00e9 indukcie 1 \u00f7 1999 nT s presnos\u0165ou &lt; \u00b1 2 % pri 100 nT alebo V\/m.<\/p>\n\n\n\n<div class=\"wp-block-image\"><figure class=\"aligncenter size-large is-resized\"><img loading=\"lazy\" src=\"https:\/\/kee.fei.tuke.sk\/wp-content\/uploads\/2021\/03\/obr.2-3.jpg\" alt=\"\" width=\"728\" height=\"440\"\/><\/figure><\/div>\n\n\n\n<p><strong>Pr\u00edstroj na meranie ekvivalentnej d\u00e1vky r\u00e1dioakt\u00edvneho \u017eiarenia \u2013 dozimeter PTF-02 <\/strong>s&nbsp;meran\u00edm ekvivalentnej d\u00e1vky do 100 \u00b5Sv\/h.<\/p>\n\n\n\n<div class=\"wp-block-image\"><figure class=\"aligncenter size-large is-resized\"><img loading=\"lazy\" src=\"https:\/\/kee.fei.tuke.sk\/wp-content\/uploads\/2021\/03\/obr.3-2.jpg\" alt=\"\" width=\"393\" height=\"356\"\/><\/figure><\/div>\n","protected":false},"excerpt":{"rendered":"<p>Ved\u00faci laborat\u00f3ria: Ing. Samuel Bucko, PhD. Laborat\u00f3rium \u017eivotn\u00e9ho prostredia sl\u00fa\u017ei pre \u00fa\u010dely&nbsp; laborat\u00f3rnych cvi\u010den\u00ed pre posluch\u00e1\u010dov Fakulty elektrotechniky a informatiky Technickej univerzity v Ko\u0161iciach v&hellip;<\/p>\n","protected":false},"author":1,"featured_media":0,"parent":68,"menu_order":0,"comment_status":"closed","ping_status":"closed","template":"","meta":[],"_links":{"self":[{"href":"https:\/\/kee.fei.tuke.sk\/index.php?rest_route=\/wp\/v2\/pages\/130"}],"collection":[{"href":"https:\/\/kee.fei.tuke.sk\/index.php?rest_route=\/wp\/v2\/pages"}],"about":[{"href":"https:\/\/kee.fei.tuke.sk\/index.php?rest_route=\/wp\/v2\/types\/page"}],"author":[{"embeddable":true,"href":"https:\/\/kee.fei.tuke.sk\/index.php?rest_route=\/wp\/v2\/users\/1"}],"replies":[{"embeddable":true,"href":"https:\/\/kee.fei.tuke.sk\/index.php?rest_route=%2Fwp%2Fv2%2Fcomments&post=130"}],"version-history":[{"count":17,"href":"https:\/\/kee.fei.tuke.sk\/index.php?rest_route=\/wp\/v2\/pages\/130\/revisions"}],"predecessor-version":[{"id":1763,"href":"https:\/\/kee.fei.tuke.sk\/index.php?rest_route=\/wp\/v2\/pages\/130\/revisions\/1763"}],"up":[{"embeddable":true,"href":"https:\/\/kee.fei.tuke.sk\/index.php?rest_route=\/wp\/v2\/pages\/68"}],"wp:attachment":[{"href":"https:\/\/kee.fei.tuke.sk\/index.php?rest_route=%2Fwp%2Fv2%2Fmedia&parent=130"}],"curies":[{"name":"wp","href":"https:\/\/api.w.org\/{rel}","templated":true}]}}