{"id":125,"date":"2020-01-17T16:23:23","date_gmt":"2020-01-17T15:23:23","guid":{"rendered":"https:\/\/kee.cp2.tuke.sk\/?page_id=125"},"modified":"2022-06-29T22:13:24","modified_gmt":"2022-06-29T20:13:24","slug":"laboratorium-vypoctovej-techniky-iii","status":"publish","type":"page","link":"https:\/\/kee.fei.tuke.sk\/?page_id=125","title":{"rendered":"Laborat\u00f3rium v\u00fdpo\u010dtovej techniky III"},"content":{"rendered":"\n<div class=\"wp-block-image\"><figure class=\"aligncenter size-large\"><img src=\"https:\/\/kee.fei.tuke.sk\/wp-content\/uploads\/2020\/01\/obr8.png\" alt=\"\"\/><\/figure><\/div>\n\n\n\n<p>Ved\u00faci laborat\u00f3ria:<strong>&nbsp;doc. Ing. Du\u0161an Medve\u010f, PhD.<\/strong><\/p>\n\n\n\n<p><strong>Opis laborat\u00f3ria:<\/strong><\/p>\n\n\n\n<p>Laborat\u00f3rium v\u00fdpo\u010dtovej techniky III vzniklo v d\u00f4sledku n\u00e1rastu n\u00e1rokov, hlavne nov\u00fdch predmetov, na numerick\u00e9 v\u00fdpo\u010dty. V&nbsp;danom laborat\u00f3riu je 12 + 1 po\u010d\u00edta\u010dov, ktor\u00e9 s\u00fa pripojen\u00e9 k&nbsp;sieti internet. Uskuto\u010d\u0148uje sa tu v\u00fdu\u010dba r\u00f4znych predmetov, kde sa klad\u00fa n\u00e1roky na vy\u0161\u0161\u00ed v\u00fdpo\u010dtov\u00fd v\u00fdkon. Miestnos\u0165 disponuje v\u00e4\u010d\u0161\u00edm po\u010dtom miest na sedenie, preto sa vyu\u017e\u00edva aj pre r\u00f4zne semin\u00e1rne a&nbsp;bilater\u00e1lne rokovania. Softv\u00e9rov\u00e9 vybavenie laborat\u00f3ria: n\u00e1vrhov\u00e9 syst\u00e9my ProgeCAD a&nbsp;gEDA, virtu\u00e1lne in\u017einierske prostredie Keysight VEE Pro pre zber, anal\u00fdzu a riadenie merania, simula\u010dn\u00e9 programy EMTP ATP, Matlab, Octave, FEMM pre vedeckotechnick\u00e9 numerick\u00e9 v\u00fdpo\u010dty, modelovanie, n\u00e1vrhy algoritmov, po\u010d\u00edta\u010dov\u00fdch simul\u00e1ci\u00ed, anal\u00fdzu a prezent\u00e1ciu \u00fadajov, merania a spracovania sign\u00e1lov, n\u00e1vrhy riadiacich a komunika\u010dn\u00fdch syst\u00e9mov, softv\u00e9rov\u00e9 n\u00e1stroje EPLAN a Cenkros.<\/p>\n\n\n\n<p><\/p>\n\n\n\n<p>Predmety a v\u00fdstupy vzdel\u00e1vania:<\/p>\n\n\n\n<ul><li>Bakal\u00e1rske \u0161t\u00fadium: <strong>Predmet Meranie v elektroenergetike<\/strong> (z\u00e1kladn\u00e9 vedomosti z te\u00f3rie merania a metrol\u00f3gie, stanovovanie neist\u00f4t merania, praktick\u00e9 zru\u010dnosti pri realiz\u00e1cii meran\u00ed v elektroenergetike a spracovan\u00ed dokument\u00e1cie o meran\u00ed)<\/li><li>Bakal\u00e1rske \u0161t\u00fadium: <strong>Predmet Z\u00e1klady elektrotechnick\u00e9ho in\u017einierstva<\/strong> (Z\u00e1kladn\u00e9 znalosti a zru\u010dnosti v oblasti rie\u0161enia jednosmern\u00fdch obvodov, tvorby technickej dokument\u00e1cie)<\/li><li>Bakal\u00e1rske \u0161t\u00fadium: <strong>Predmet Prenos a rozvod elektrickej energie<\/strong> (z\u00e1kladn\u00e9 poznatky\u00a0 z prenosu a rozvodu elektrickej energie, kompetencie vo v\u00fdpo\u010dtoch parametrov elektrick\u00fdch veden\u00ed v\u0161etk\u00fdch nap\u00e4\u0165ov\u00fdch hlad\u00edn)<\/li><li>Bakal\u00e1rske \u0161t\u00fadium: <strong>Predmet Sveteln\u00e1 technika<\/strong> (z\u00e1kladn\u00e9 poznatky pre tvorbu spr\u00e1vneho sveteln\u00e9ho prostredia pre rozmanit\u00e9 pracovn\u00e9 a oddychov\u00e9 \u010dinnosti \u013eud\u00ed)<\/li><li>Bakal\u00e1rske \u0161t\u00fadium: <strong>Predmet Z\u00e1klady projektovania v elektroenergetike<\/strong> (Roz\u0161iruj\u00face znalosti z oblasti projektovania v elektroenergetike. Kompetencie vo vyu\u017e\u00edvan\u00ed softv\u00e9rov\u00fdch n\u00e1strojov progeCAD, EPLAN a Cenkros pre pr\u00edpravu projektovej dokument\u00e1cie.)<\/li><li>In\u017einierske \u0161t\u00fadium: <strong>Predmet Elektromagnetick\u00e1 kompatibilita<\/strong> (z\u00e1kladn\u00e9 znalosti a\u00a0vedomosti v oblasti EMC technick\u00fdch zariaden\u00ed a biologick\u00fdch syst\u00e9mov, vznik a \u0161\u00edrenie elektromagnetick\u00e9ho ru\u0161enia, eliminovanie vplyvu ru\u0161enia na elektronick\u00e9 zariadenia, \u00fa\u010dinky impulzn\u00fdch javov v sie\u0165ach nn na elektronick\u00e9 zariadenia, princ\u00edpy n\u00e1vrhu plo\u0161n\u00fdch spojov s oh\u013eadom na elektromagnetick\u00fa imunitu, sp\u00f4soby tienenia a zemnenia elektronick\u00fdch zariaden\u00ed).<\/li><li>In\u017einierske \u0161t\u00fadium: <strong>Predmet Prep\u00e4tia v elektrick\u00fdch sie\u0165ach<\/strong> (z\u00edskanie poznatkov o vzniku prep\u00e4t\u00ed v elektrick\u00fdch sie\u0165ach pre rozli\u010dn\u00e9 prev\u00e1dzkov\u00e9 podmienky, pou\u017e\u00edvanie spr\u00e1vnej terminol\u00f3gie a symboliky, z\u00edskanie odborn\u00fdch kompetenci\u00ed pri vyu\u017e\u00edvan\u00ed PC techniky a softv\u00e9ru na rie\u0161enie prep\u00e4t\u00ed vznikaj\u00facich v prev\u00e1dzke pomocou simula\u010dn\u00e9ho programu EMTP ATP )<\/li><li>In\u017einierske \u0161t\u00fadium: <strong>Predmet Kvalita a spo\u013eahlivos\u0165 dod\u00e1vky elektrickej energie<\/strong> (z\u00e1kladn\u00e9 poznatky o ukazovate\u013eoch kvality elektrickej energie, na z\u00e1klade probl\u00e9movo orientovan\u00fdch pr\u00edkladov z\u00edskanie poznatkov o vzniku a d\u00f4sledkoch zhor\u0161enej kvality elektrickej energie a o mo\u017enostiach jej skvalitnenia) \u0160tudent taktie\u017e z\u00edska poznatky z oblasti spo\u013eahlivosti dod\u00e1vky elektrickej energie, met\u00f3dami jej v\u00fdpo\u010dtu a sp\u00f4sobmi jej vyhodnocovania.<\/li><li>In\u017einierske \u0161t\u00fadium: <strong>Predmet Modelovanie v elektroenergetike<\/strong> (z\u00e1kladn\u00e9 vedomosti z oblasti modelovania prvkov elektriza\u010dnej s\u00fastavy)<\/li><li>In\u017einierske \u0161t\u00fadium: P<strong>redmet Riadenie prev\u00e1dzky elektriza\u010dnej s\u00fastavy<\/strong> (z\u00e1kladn\u00e9 poznatky o nov\u00fdch smeroch riadenia elektriza\u010dnej s\u00fastavy v liberalizovanom trhu s elektrinou)<\/li><\/ul>\n\n\n\n<div class=\"wp-block-image\"><figure class=\"aligncenter size-large is-resized\"><img loading=\"lazy\" src=\"https:\/\/kee.fei.tuke.sk\/wp-content\/uploads\/2020\/01\/obr9.png\" alt=\"\" width=\"663\" height=\"165\"\/><\/figure><\/div>\n\n\n\n<div class=\"wp-block-image\"><figure class=\"aligncenter size-large is-resized\"><img loading=\"lazy\" src=\"https:\/\/kee.fei.tuke.sk\/wp-content\/uploads\/2021\/03\/lvt_3-1024x768.jpg\" alt=\"\" width=\"512\" height=\"384\"\/><\/figure><\/div>\n","protected":false},"excerpt":{"rendered":"<p>Ved\u00faci laborat\u00f3ria:&nbsp;doc. Ing. Du\u0161an Medve\u010f, PhD. Opis laborat\u00f3ria: Laborat\u00f3rium v\u00fdpo\u010dtovej techniky III vzniklo v d\u00f4sledku n\u00e1rastu n\u00e1rokov, hlavne nov\u00fdch predmetov, na numerick\u00e9 v\u00fdpo\u010dty. V&nbsp;danom laborat\u00f3riu&hellip;<\/p>\n","protected":false},"author":1,"featured_media":0,"parent":68,"menu_order":0,"comment_status":"closed","ping_status":"closed","template":"","meta":[],"_links":{"self":[{"href":"https:\/\/kee.fei.tuke.sk\/index.php?rest_route=\/wp\/v2\/pages\/125"}],"collection":[{"href":"https:\/\/kee.fei.tuke.sk\/index.php?rest_route=\/wp\/v2\/pages"}],"about":[{"href":"https:\/\/kee.fei.tuke.sk\/index.php?rest_route=\/wp\/v2\/types\/page"}],"author":[{"embeddable":true,"href":"https:\/\/kee.fei.tuke.sk\/index.php?rest_route=\/wp\/v2\/users\/1"}],"replies":[{"embeddable":true,"href":"https:\/\/kee.fei.tuke.sk\/index.php?rest_route=%2Fwp%2Fv2%2Fcomments&post=125"}],"version-history":[{"count":8,"href":"https:\/\/kee.fei.tuke.sk\/index.php?rest_route=\/wp\/v2\/pages\/125\/revisions"}],"predecessor-version":[{"id":1657,"href":"https:\/\/kee.fei.tuke.sk\/index.php?rest_route=\/wp\/v2\/pages\/125\/revisions\/1657"}],"up":[{"embeddable":true,"href":"https:\/\/kee.fei.tuke.sk\/index.php?rest_route=\/wp\/v2\/pages\/68"}],"wp:attachment":[{"href":"https:\/\/kee.fei.tuke.sk\/index.php?rest_route=%2Fwp%2Fv2%2Fmedia&parent=125"}],"curies":[{"name":"wp","href":"https:\/\/api.w.org\/{rel}","templated":true}]}}