{"id":122,"date":"2020-01-17T16:21:20","date_gmt":"2020-01-17T15:21:20","guid":{"rendered":"https:\/\/kee.cp2.tuke.sk\/?page_id=122"},"modified":"2022-06-29T22:12:19","modified_gmt":"2022-06-29T20:12:19","slug":"laboratorium-vypoctovej-techniky-ii","status":"publish","type":"page","link":"https:\/\/kee.fei.tuke.sk\/?page_id=122","title":{"rendered":"Laborat\u00f3rium v\u00fdpo\u010dtovej techniky II"},"content":{"rendered":"\n<p>Ved\u00faci laborat\u00f3ria<strong>:<\/strong>&nbsp;<strong>doc. Ing. Jaroslav Petr\u00e1\u0161, PhD.<\/strong><\/p>\n\n\n\n<p>Laborat\u00f3rium sl\u00fa\u017ei na v\u00fdu\u010dbov\u00e9 a vedecko-v\u00fdskumn\u00e9 \u00fa\u010dely. Prebiehaj\u00fa tu laborat\u00f3rne cvi\u010denia a&nbsp;konzult\u00e1cie pre \u0161tudentov bakal\u00e1rskeho a&nbsp;in\u017einierskeho \u0161t\u00fadia na Katedre elektroenergetiky. V\u00fdu\u010dbov\u00e9 technick\u00e9 vybavenie je zameran\u00e9 najm\u00e4 na oblas\u0165 automatizovanej elektroin\u0161tala\u010dnej techniky a&nbsp;syst\u00e9mov ako je napr\u00edklad syst\u00e9m KNX\/EIB, pou\u017eitia datab\u00e1zov\u00fdch syst\u00e9mov v&nbsp;oblasti elektroenergetiky, diagnostick\u00fdch met\u00f3d v&nbsp;oblasti vysokonap\u00e4\u0165ov\u00fdch izola\u010dn\u00fdch syst\u00e9mov a&nbsp;na in\u00e9 oblasti elektroenergetiky, v&nbsp;ktor\u00fdch sa vy\u017eaduje v\u00fdpo\u010dtov\u00e1 technika. Laborat\u00f3rium je vybaven\u00e9 12 \u0161tudentsk\u00fdmi klientsk\u00fdmi stanicami a&nbsp;jednou u\u010dite\u013eskou po\u010d\u00edta\u010dovou stanicou. Laborat\u00f3rium je doplnen\u00e9 o&nbsp;modern\u00fa interakt\u00edvnu prezenta\u010dn\u00fa techniku vo forme interakt\u00edvnej dotykovej tabule umo\u017e\u0148uj\u00facej prezen\u010dn\u00fa v\u00fdu\u010dbu ako aj dia\u013ekov\u00fa formu prezent\u00e1cie a&nbsp;v\u00fdu\u010dby a&nbsp;\u0161irokouhl\u00e9ho projektora so sn\u00edmacou kamerou pre sn\u00edmanie tla\u010den\u00fdch podkladov.<\/p>\n\n\n\n<p>Predmety a v\u00fdstupy vzdel\u00e1vania:<\/p>\n\n\n\n<ul><li>Bakal\u00e1rske \u0161t\u00fadium: <strong>Predmet Z\u00e1klady elektrotechnick\u00e9ho in\u017einierstva<\/strong> (Z\u00e1kladn\u00e9 znalosti a zru\u010dnosti v oblasti rie\u0161enia jednosmern\u00fdch obvodov, tvorby technickej dokument\u00e1cie)<\/li><li>Bakal\u00e1rske \u0161t\u00fadium: <strong>Predmet Netradi\u010dn\u00e9 zdroje energie<\/strong> (Obozn\u00e1menie sa \u0161tudentov so softv\u00e9rom PV-SOL pre n\u00e1vrh fotovoltick\u00fdch syst\u00e9mov, ktor\u00fd sa vyu\u017e\u00edva pre optim\u00e1lny n\u00e1vrh a rozmiestnenie fotovoltick\u00fdch syst\u00e9mov, pos\u00fadenie slne\u010dn\u00e9ho \u017eiarenia prostredn\u00edctvom programu DIalux pre ur\u010denie sveteln\u00fdch podmienok pre fotovoltick\u00e9 syst\u00e9my)<\/li><li>In\u017einierske \u0161t\u00fadium: <strong>Predmet Automatizovan\u00e9 elektroin\u0161tala\u010dn\u00e9 syst\u00e9my<\/strong> (Z\u00e1kladn\u00e9 znalosti a\u00a0zru\u010dnosti v oblasti n\u00e1vrhu a\u00a0programovania syst\u00e9mov automatizovanej elektroin\u0161tal\u00e1cie),<\/li><li>In\u017einierske \u0161t\u00fadium <strong>Predmet Datab\u00e1zov\u00e9 syst\u00e9my &#8211; SQL Oracle<\/strong>\u00a0 (Z\u00e1kladn\u00e9 znalosti a zru\u010dnosti v oblasti n\u00e1vrhu rela\u010dn\u00fdch datab\u00e1zov\u00fdch syst\u00e9mov zo zameran\u00edm na pou\u017eitie v oblasti elektroenergetiky),<\/li><li>In\u017einierske \u0161t\u00fadium: <strong>Predmet Elektromagnetick\u00e1 kompatibilita <\/strong>(z\u00e1kladn\u00e9 znalosti a\u00a0vedomosti v oblasti EMC technick\u00fdch zariaden\u00ed a biologick\u00fdch syst\u00e9mov, vznik a \u0161\u00edrenie elektromagnetick\u00e9ho ru\u0161enia, eliminovanie vplyvu ru\u0161enia na elektronick\u00e9 zariadenia, \u00fa\u010dinky impulzn\u00fdch javov v sie\u0165ach nn na elektronick\u00e9 zariadenia, princ\u00edpy n\u00e1vrhu plo\u0161n\u00fdch spojov s oh\u013eadom na elektromagnetick\u00fa imunitu, sp\u00f4soby tienenia a zemnenia elektronick\u00fdch zariaden\u00ed).<\/li><li>In\u017einierske \u0161t\u00fadium: <strong>Predmet Prep\u00e4tia v elektrick\u00fdch sie\u0165ach <\/strong>(z\u00edskanie poznatkov o vzniku prep\u00e4t\u00ed v elektrick\u00fdch sie\u0165ach pre rozli\u010dn\u00e9 prev\u00e1dzkov\u00e9 podmienky, pou\u017e\u00edvanie spr\u00e1vnej terminol\u00f3gie a symboliky, z\u00edskanie odborn\u00fdch kompetenci\u00ed pri vyu\u017e\u00edvan\u00ed PC techniky a softv\u00e9ru na rie\u0161enie prep\u00e4t\u00ed vznikaj\u00facich v prev\u00e1dzke pomocou simula\u010dn\u00e9ho programu EMTP ATP )<\/li><li>In\u017einierske \u0161t\u00fadium: <strong>Predmet Kvalita a spo\u013eahlivos\u0165 dod\u00e1vky elektrickej energie<\/strong> (z\u00e1kladn\u00e9 poznatky o ukazovate\u013eoch kvality elektrickej energie, na z\u00e1klade probl\u00e9movo orientovan\u00fdch pr\u00edkladov z\u00edskanie poznatkov o vzniku a d\u00f4sledkoch zhor\u0161enej kvality elektrickej energie a o mo\u017enostiach jej skvalitnenia) \u0160tudent taktie\u017e z\u00edska poznatky z oblasti spo\u013eahlivosti dod\u00e1vky elektrickej energie, met\u00f3dami jej v\u00fdpo\u010dtu a sp\u00f4sobmi jej vyhodnocovania.<\/li><li>In\u017einierske \u0161t\u00fadium: <strong>Predmet Stabilita prenosu elektrickej energie<\/strong> (Roz\u0161iruj\u00face znalosti z oblasti v\u00fdpo\u010dtu, anal\u00fdzy a interpret\u00e1cie v\u00fdsledkov zo stability prenosu elektrickej energie. Kompetencie vo vyu\u017e\u00edvan\u00ed softv\u00e9rov\u00e9ho n\u00e1stroja Matlab pre v\u00fdpo\u010dty stability s\u00fastavy.)<\/li><li>In\u017einierske \u0161t\u00fadium: <strong>Predmet Automatizovan\u00e9 elektroin\u0161tala\u010dn\u00e9 syst\u00e9my<\/strong> (Z\u00e1kladn\u00e9 znalosti a\u00a0zru\u010dnosti v\u00a0oblasti programovania automatizovan\u00fdch elektroin\u0161tala\u010dn\u00fdch syst\u00e9mov. Kompetencie vo vyu\u017e\u00edvan\u00ed softv\u00e9rov\u00fdch n\u00e1strojov ETS (Engineering Tool Software) a\u00a0iDM3 (iNELS3 Designer &amp; Manager))<\/li><\/ul>\n\n\n\n<p>Softwareov\u00e9 vybavenie stan\u00edc zodpoved\u00e1 po\u017eiadavk\u00e1m, ak\u00e9 s\u00fa kladen\u00e9 v\u00fdu\u010dbov\u00fdmi oblas\u0165ami a&nbsp;je ka\u017edoro\u010dne aktualizovan\u00e9 o&nbsp;nov\u00e9 verzie aplik\u00e1ci\u00ed a&nbsp;v&nbsp;s\u00falade s&nbsp;aktu\u00e1lnymi n\u00e1rokmi na vyu\u010dovan\u00e9 predmety. Ka\u017ed\u00e1 z&nbsp;pracovn\u00fdch stan\u00edc na nain\u0161talovan\u00e9 profesion\u00e1lne a&nbsp;pln\u00e9 verzie aplik\u00e1ci\u00ed pre nastavenie automatizovan\u00fdch elektroin\u0161tala\u010dn\u00fdch syst\u00e9mov (INELS, KNX\/EIB \u2013 ETS aplik\u00e1cia), datab\u00e1zov\u00fd a&nbsp;webov\u00fd server, Matlab a&nbsp;Scilab v\u00fdpo\u010dtov\u00e9 aplik\u00e1cie n\u00e1vrhov\u00e9 syst\u00e9my ProgeCAD,&nbsp; gEDA, Dialux a PV-SOL, simula\u010dn\u00e9 programy EMTP ATP, Matlab, Octave, FEMM, aplik\u00e1cie pre diagnostiku vysokonap\u00e4\u0165ov\u00fdch izola\u010dn\u00fdch syst\u00e9mov elektroenergetick\u00fdch zariaden\u00ed pomocou zotaven\u00fdch nap\u00e4t\u00ed, aplik\u00e1cie pre simul\u00e1cie v&nbsp;oblasti svetelnej techniky a&nbsp;in\u00e9.<\/p>\n\n\n\n<p><\/p>\n\n\n\n<figure class=\"wp-block-image size-large\"><img src=\"https:\/\/kee.fei.tuke.sk\/wp-content\/uploads\/2020\/01\/obr7.jpg\" alt=\"\"\/><\/figure>\n\n\n\n<p><\/p>\n","protected":false},"excerpt":{"rendered":"<p>Ved\u00faci laborat\u00f3ria:&nbsp;doc. Ing. Jaroslav Petr\u00e1\u0161, PhD. Laborat\u00f3rium sl\u00fa\u017ei na v\u00fdu\u010dbov\u00e9 a vedecko-v\u00fdskumn\u00e9 \u00fa\u010dely. Prebiehaj\u00fa tu laborat\u00f3rne cvi\u010denia a&nbsp;konzult\u00e1cie pre \u0161tudentov bakal\u00e1rskeho a&nbsp;in\u017einierskeho \u0161t\u00fadia na Katedre&hellip;<\/p>\n","protected":false},"author":1,"featured_media":0,"parent":68,"menu_order":0,"comment_status":"closed","ping_status":"closed","template":"","meta":[],"_links":{"self":[{"href":"https:\/\/kee.fei.tuke.sk\/index.php?rest_route=\/wp\/v2\/pages\/122"}],"collection":[{"href":"https:\/\/kee.fei.tuke.sk\/index.php?rest_route=\/wp\/v2\/pages"}],"about":[{"href":"https:\/\/kee.fei.tuke.sk\/index.php?rest_route=\/wp\/v2\/types\/page"}],"author":[{"embeddable":true,"href":"https:\/\/kee.fei.tuke.sk\/index.php?rest_route=\/wp\/v2\/users\/1"}],"replies":[{"embeddable":true,"href":"https:\/\/kee.fei.tuke.sk\/index.php?rest_route=%2Fwp%2Fv2%2Fcomments&post=122"}],"version-history":[{"count":7,"href":"https:\/\/kee.fei.tuke.sk\/index.php?rest_route=\/wp\/v2\/pages\/122\/revisions"}],"predecessor-version":[{"id":1656,"href":"https:\/\/kee.fei.tuke.sk\/index.php?rest_route=\/wp\/v2\/pages\/122\/revisions\/1656"}],"up":[{"embeddable":true,"href":"https:\/\/kee.fei.tuke.sk\/index.php?rest_route=\/wp\/v2\/pages\/68"}],"wp:attachment":[{"href":"https:\/\/kee.fei.tuke.sk\/index.php?rest_route=%2Fwp%2Fv2%2Fmedia&parent=122"}],"curies":[{"name":"wp","href":"https:\/\/api.w.org\/{rel}","templated":true}]}}