{"id":118,"date":"2020-01-17T16:20:11","date_gmt":"2020-01-17T15:20:11","guid":{"rendered":"https:\/\/kee.cp2.tuke.sk\/?page_id=118"},"modified":"2022-06-29T22:10:57","modified_gmt":"2022-06-29T20:10:57","slug":"laboratorium-vypoctovej-techniky-i","status":"publish","type":"page","link":"https:\/\/kee.fei.tuke.sk\/?page_id=118","title":{"rendered":"Laborat\u00f3rium v\u00fdpo\u010dtovej techniky I"},"content":{"rendered":"\n<p>Ved\u00faci laborat\u00f3ria:&nbsp;<strong>Ing. J\u00e1n Zbojovsk\u00fd, PhD.<\/strong><\/p>\n\n\n\n<p><strong>Opis laborat\u00f3ria:<\/strong><\/p>\n\n\n\n<p>Laborat\u00f3rium sl\u00fa\u017ei na v\u00fdu\u010dbov\u00e9 a vedecko-v\u00fdskumn\u00e9 \u00fa\u010dely. Prebiehaj\u00fa tu laborat\u00f3rne cvi\u010denia a&nbsp;konzult\u00e1cie pre \u0161tudentov bakal\u00e1rskeho a&nbsp;in\u017einierskeho \u0161t\u00fadia na Katedre elektroenergetiky. V\u00fdu\u010dbov\u00e9 technick\u00e9 vybavenie je zameran\u00e9 najm\u00e4 na oblas\u0165  projektovania v elektroenergetike s vyu\u017eit\u00edm programov Eplan, Progecad a Dialux, diagnostick\u00fdch met\u00f3d v&nbsp;oblasti vysokonap\u00e4\u0165ov\u00fdch izola\u010dn\u00fdch syst\u00e9mov a&nbsp;na in\u00e9 oblasti elektroenergetiky, v&nbsp;ktor\u00fdch sa vy\u017eaduje v\u00fdpo\u010dtov\u00e1 technika. Laborat\u00f3rium je vybaven\u00e9 12 \u0161tudentsk\u00fdmi klientsk\u00fdmi stanicami a&nbsp;jednou u\u010dite\u013eskou po\u010d\u00edta\u010dovou stanicou. Laborat\u00f3rium je doplnen\u00e9 o&nbsp;modern\u00fa interakt\u00edvnu prezenta\u010dn\u00fa techniku vo forme interakt\u00edvnej dotykovej tabule umo\u017e\u0148uj\u00facej prezen\u010dn\u00fa v\u00fdu\u010dbu ako aj dia\u013ekov\u00fa formu prezent\u00e1cie a&nbsp;v\u00fdu\u010dby a&nbsp;\u0161irokouhl\u00e9ho projektora so sn\u00edmacou kamerou pre sn\u00edmanie tla\u010den\u00fdch podkladov.Miestnos\u0165 disponuje v\u00e4\u010d\u0161\u00edm po\u010dtom miest na sedenie, preto sa vyu\u017e\u00edva aj pre r\u00f4zne semin\u00e1rne a&nbsp;bilater\u00e1lne rokovania.<\/p>\n\n\n\n<p>Laborat\u00f3rium disponuje softv\u00e9rov\u00fdm vybaven\u00edm ako: n\u00e1vrhov\u00e9 syst\u00e9my ProgeCAD a&nbsp;gEDA, EPLAN, Cenkros, virtu\u00e1lne in\u017einierske prostredie Keysight VEE Pro, simula\u010dn\u00e9 programy Matlab, Octave, FEMM.<\/p>\n\n\n\n<p><\/p>\n\n\n\n<p>Predmety a v\u00fdstupy vzdel\u00e1vania:<\/p>\n\n\n\n<ul><li>Bakal\u00e1rske \u0161t\u00fadium: <strong>Predmet Z\u00e1klady elektrotechnick\u00e9ho in\u017einierstva <\/strong>(Z\u00e1kladn\u00e9 znalosti a zru\u010dnosti v oblasti rie\u0161enia jednosmern\u00fdch obvodov, tvorby technickej dokument\u00e1cie)<\/li><li>Bakal\u00e1rske \u0161t\u00fadium: <strong>Predmet Z\u00e1klady projektovania v elektroenergetike <\/strong>(Roz\u0161iruj\u00face znalosti z oblasti projektovania v elektroenergetike. Kompetencie vo vyu\u017e\u00edvan\u00ed softv\u00e9rov\u00fdch n\u00e1strojov progeCAD, EPLAN a Cenkros pre pr\u00edpravu projektovej dokument\u00e1cie.)<\/li><li>Bakal\u00e1rske \u0161t\u00fadium: <strong>Predmet Poruchy v elektriza\u010dnej s\u00fastave <\/strong>(z\u00e1kladn\u00e9 vedomosti zo sp\u00f4sobov prev\u00e1dzky elektrick\u00fdch siet\u00ed, v\u00fdpo\u010dtov skratov\u00fdch pomerov a ich anal\u00fdzy v elektriza\u010dn\u00fdch s\u00fastav\u00e1ch pri r\u00f4znych typoch symetrick\u00fdch a nesymetrick\u00fdch skratov a zemn\u00fdch spojeniach)<\/li><li>In\u017einierske \u0161t\u00fadium:  <strong>Predmet Automatiz\u00e1cia v\u00a0elektroenergetike<\/strong> ( z\u00e1klady z te\u00f3rie riadenia a matematick\u00e9ho modelovania syst\u00e9mov, princ\u00edpy a aplik\u00e1cia regul\u00e1torov na riadenie procesov v\u00a0elektroenergetike)<\/li><li>In\u017einierske \u0161t\u00fadium:  <strong>Predmet Kvalita a spo\u013eahlivos\u0165 dod\u00e1vky elektrickej energie<\/strong> (z\u00e1kladn\u00e9 poznatky o ukazovate\u013eoch kvality elektrickej energie, na z\u00e1klade probl\u00e9movo orientovan\u00fdch pr\u00edkladov z\u00edskanie poznatkov o vzniku a d\u00f4sledkoch zhor\u0161enej kvality elektrickej energie a o mo\u017enostiach jej skvalitnenia) \u0160tudent taktie\u017e z\u00edska poznatky z oblasti spo\u013eahlivosti dod\u00e1vky elektrickej energie, met\u00f3dami jej v\u00fdpo\u010dtu a sp\u00f4sobmi jej vyhodnocovania.<\/li><li>In\u017einierske \u0161t\u00fadium:  <strong>Predmet Elektromagnetick\u00e1 kompatibilita<\/strong> (z\u00e1kladn\u00e9 znalosti a\u00a0vedomosti v oblasti EMC technick\u00fdch zariaden\u00ed a biologick\u00fdch syst\u00e9mov, vznik a \u0161\u00edrenie elektromagnetick\u00e9ho ru\u0161enia, eliminovanie vplyvu ru\u0161enia na elektronick\u00e9 zariadenia, \u00fa\u010dinky impulzn\u00fdch javov v sie\u0165ach nn na elektronick\u00e9 zariadenia, princ\u00edpy n\u00e1vrhu plo\u0161n\u00fdch spojov s oh\u013eadom na elektromagnetick\u00fa imunitu, sp\u00f4soby tienenia a zemnenia elektronick\u00fdch zariaden\u00ed).<\/li><li>In\u017einierske \u0161t\u00fadium: <strong>Predmet Projektovanie osvet\u013eovac\u00edch s\u00fastav<\/strong> (obozn\u00e1menie sa s normat\u00edvnymi po\u017eiadavkami a n\u00e1vrhom osvet\u013eovac\u00edch s\u00fastav vn\u00fatorn\u00fdch a vonkaj\u0161\u00edch pracovn\u00fdch miest, n\u00fadzov\u00e9ho osvetlenia, \u0161portov\u00edsk, pozemn\u00fdch komunik\u00e1ci\u00ed a ilumin\u00e1cie budov)<\/li><li>In\u017einierske \u0161t\u00fadium: <strong>Predmet Elektrick\u00e9 siete<\/strong> (z\u00e1kladn\u00e9 vedomosti z oblasti rie\u0161enia mechanick\u00fdch pomerov, n\u00e1vrhu vonkaj\u0161\u00edch elektrick\u00fdch veden\u00ed a z problematiky jednosmern\u00fdch prenosov)<\/li><\/ul>\n\n\n\n<div class=\"wp-block-image\"><figure class=\"aligncenter size-large\"><img src=\"https:\/\/kee.fei.tuke.sk\/wp-content\/uploads\/2020\/01\/obr6-1024x682.png\" alt=\"\"\/><\/figure><\/div>\n","protected":false},"excerpt":{"rendered":"<p>Ved\u00faci laborat\u00f3ria:&nbsp;Ing. J\u00e1n Zbojovsk\u00fd, PhD. Opis laborat\u00f3ria: Laborat\u00f3rium sl\u00fa\u017ei na v\u00fdu\u010dbov\u00e9 a vedecko-v\u00fdskumn\u00e9 \u00fa\u010dely. Prebiehaj\u00fa tu laborat\u00f3rne cvi\u010denia a&nbsp;konzult\u00e1cie pre \u0161tudentov bakal\u00e1rskeho a&nbsp;in\u017einierskeho \u0161t\u00fadia na&hellip;<\/p>\n","protected":false},"author":1,"featured_media":0,"parent":68,"menu_order":0,"comment_status":"closed","ping_status":"closed","template":"","meta":[],"_links":{"self":[{"href":"https:\/\/kee.fei.tuke.sk\/index.php?rest_route=\/wp\/v2\/pages\/118"}],"collection":[{"href":"https:\/\/kee.fei.tuke.sk\/index.php?rest_route=\/wp\/v2\/pages"}],"about":[{"href":"https:\/\/kee.fei.tuke.sk\/index.php?rest_route=\/wp\/v2\/types\/page"}],"author":[{"embeddable":true,"href":"https:\/\/kee.fei.tuke.sk\/index.php?rest_route=\/wp\/v2\/users\/1"}],"replies":[{"embeddable":true,"href":"https:\/\/kee.fei.tuke.sk\/index.php?rest_route=%2Fwp%2Fv2%2Fcomments&post=118"}],"version-history":[{"count":7,"href":"https:\/\/kee.fei.tuke.sk\/index.php?rest_route=\/wp\/v2\/pages\/118\/revisions"}],"predecessor-version":[{"id":1655,"href":"https:\/\/kee.fei.tuke.sk\/index.php?rest_route=\/wp\/v2\/pages\/118\/revisions\/1655"}],"up":[{"embeddable":true,"href":"https:\/\/kee.fei.tuke.sk\/index.php?rest_route=\/wp\/v2\/pages\/68"}],"wp:attachment":[{"href":"https:\/\/kee.fei.tuke.sk\/index.php?rest_route=%2Fwp%2Fv2%2Fmedia&parent=118"}],"curies":[{"name":"wp","href":"https:\/\/api.w.org\/{rel}","templated":true}]}}