{"id":115,"date":"2020-01-17T16:18:25","date_gmt":"2020-01-17T15:18:25","guid":{"rendered":"https:\/\/kee.cp2.tuke.sk\/?page_id=115"},"modified":"2024-11-18T13:11:41","modified_gmt":"2024-11-18T12:11:41","slug":"laboratorium-prevadzky-es","status":"publish","type":"page","link":"https:\/\/kee.fei.tuke.sk\/?page_id=115","title":{"rendered":"Laborat\u00f3rium prev\u00e1dzky ES"},"content":{"rendered":"\n<p>Ved\u00faci laborat\u00f3ria: <strong>doc. Ing. Zsolt \u010conka, PhD.<\/strong><\/p>\n\n\n\n<p>Laborat\u00f3rium je ur\u010den\u00e9 na&nbsp;\u0161t\u00fadium parametrov a&nbsp;prev\u00e1dzky ES. Hlavnou funkciou laborat\u00f3ria je zabezpe\u010di\u0165 vzdel\u00e1vac\u00ed proces \u0161tudentov. Laborat\u00f3rium sl\u00fa\u017ei aj k&nbsp;potreb\u00e1m aplikovan\u00e9ho v\u00fdskumu.<\/p>\n\n\n\n<p>Predmety a v\u00fdstupy vzdel\u00e1vania:<\/p>\n\n\n\n<ul><li>Bakal\u00e1rske \u0161t\u00fadium: <strong>Predmet Prev\u00e1dzka elektr\u00e1rn\u00ed<\/strong> (Z\u00e1kladn\u00e9 znalosti a&nbsp;zru\u010dnosti v&nbsp;oblasti prip\u00e1jania gener\u00e1tora k&nbsp;sieti met\u00f3dou presnej synchroniz\u00e1cie).<\/li><li>Bakal\u00e1rske \u0161t\u00fadium: <strong>Predmet Elektrick\u00e9 in\u0161tal\u00e1cie a stanice<\/strong> (Z\u00e1kladn\u00e9 znalosti a&nbsp;zru\u010dnosti v&nbsp;oblasti ovl\u00e1dania sp\u00ednac\u00edch prvkov v&nbsp;elektrick\u00fdch staniciach, realiz\u00e1cia blokovac\u00edch podmienok pri sp\u00ednan\u00ed).<br>&#8211; Kon\u0161truk\u010dn\u00e9 rie\u0161enie rozvodn\u00fdch zariaden\u00ed nn, vn, vvn, zvn.<\/li><li>Doktorandsk\u00e9 \u0161t\u00fadium: <strong>Predmet Teoretick\u00e1 elektroenergetika: <\/strong>z\u00edskanie preh\u013abuj\u00facich teoretick\u00fdch vedomost\u00ed, s vyu\u017eit\u00edm najnov\u0161\u00edch poznatkov v\u00fdskumu a trendov v\u00fdvoja elektroenergetiky. \u2013 modelovanie prvkov v elektriza\u010dnej s\u00fastave. Osvojenie nov\u00fdch met\u00f3d anal\u00fdzy elektriza\u010dn\u00fdch s\u00fastav. Schopnos\u0165 rie\u0161i\u0165 vlnov\u00e9 procesy na vedeniach vlnov\u00e9 procesy na vedeniach, modelova\u0165 a analyzova\u0165 elektromagnetick\u00e9 polia, rie\u0161i\u0165 povrchov\u00e9 javy pri prenose elektrickej energie, sk\u00fama\u0165 elektromagnetick\u00e9 prechodn\u00e9 javy.<\/li><li>Doktorandsk\u00e9 \u0161t\u00fadium: <strong>Predmet Vedeck\u00e1 \u010dinnos\u0165 1-5.:<\/strong> Schopnos\u0165 samostatne koncipova\u0165, kon\u0161truova\u0165, realizova\u0165 a upravova\u0165 podstatn\u00fa \u010das\u0165 v\u00fdskumu s vedeckou integritou a prispeje p\u00f4vodn\u00fdm v\u00fdskumom k roz\u0161\u00edreniu hran\u00edc vedeck\u00e9ho poznania prostredn\u00edctvom realiz\u00e1cie rozsiahleho s\u00faboru pr\u00e1c, z ktor\u00fdch niektor\u00e9 s\u00fa hodn\u00e9 recenzn\u00e9ho publikovania. Dosahovanie p\u00f4vodn\u00fdch vedeck\u00fdch v\u00fdsledkov, akceptovate\u013en\u00fdch na medzin\u00e1rodnej \u00farovni. Na z\u00e1klade realiz\u00e1cie vedeck\u00e9ho v\u00fdskumu sa absolvent pova\u017euje za experta v svojej oblasti.<\/li><li>Doktorandsk\u00e9 \u0161t\u00fadium: <strong>Predmet Anal\u00fdza elektriza\u010dnej s\u00fastavy:<\/strong> Roz\u0161\u00edrenie teoretick\u00fdch poznatkov z\u00edskan\u00fdch v druhom stupni \u0161t\u00fadi\u00e1 o najnov\u0161ie v\u00fdsledky v\u00fdskumu a trendy v\u00fdvoja v oblasti riadenia a prev\u00e1dzky elektriza\u010dnej s\u00fastavy s vyu\u017eit\u00edm prvkov umelej inteligencie. Schopnos\u0165 aplik\u00e1cie informa\u010dn\u00fdch a riadiacich syst\u00e9mov pri rie\u0161en\u00ed stability elektriza\u010dnej s\u00fastavy a jednosmern\u00fdch prenosov elektrickej energie. Z\u00edskanie roz\u0161iruj\u00facich poznatkov o degrada\u010dn\u00fdch procesoch zariaden\u00ed elektriza\u010dnej s\u00fastavy o \u0161pecifik\u00e1ch TVN pri jednosmern\u00fdch vedeniach ZVN. Schopnos\u0165 rie\u0161i\u0165 technick\u00e9 probl\u00e9my prev\u00e1dzky elektriza\u010dn\u00fdch s\u00fastav&nbsp; v r\u00e1mci UCTE a probl\u00e9my racionaliz\u00e1cie spotreby elektrickej energie. Vedomosti o princ\u00edpe a schopnos\u0165 pracova\u0165 v podmienkach liberalizovanom trhu s elektrinou.<\/li><li>Doktorandsk\u00e9 \u0161t\u00fadium: <strong>Predmet Dizerta\u010dn\u00fd projekt: <\/strong>Osvojenie si met\u00f3d vedeckej pr\u00e1ce. Preh\u013abenie vedomost\u00ed z oblasti t\u00e9my dizerta\u010dnej pr\u00e1ce. Intenz\u00edvnym v\u00fdskumom dosiahnu\u0165 p\u00f4vodn\u00e9 vedeck\u00e9 v\u00fdsledky, akceptovate\u013en\u00e9 na medzin\u00e1rodnej \u00farovni. Doktorand sa vie preuk\u00e1za\u0165 schopnos\u0165ou tvorivej samostatnej aj t\u00edmovej pr\u00e1ce pri rie\u0161en\u00ed vedecko-v\u00fdskumnej \u00falohy alebo projektu formou prezentovania v\u00fdsledkov vo forme vedeck\u00fdch publik\u00e1ci\u00ed, v \u010dasopisoch a na konferenci\u00e1ch, \u00fa\u010das\u0165ou v rie\u0161ite\u013esk\u00fdch kolekt\u00edvoch grantov\u00fdch \u00faloh a pod. Je schopn\u00fd formulova\u0165 ciele dizerta\u010dnej pr\u00e1ce a met\u00f3dy, ktor\u00e9 ved\u00fa k splneniu jej cie\u013eov. Je schopn\u00fd navrhn\u00fa\u0165 a aplikova\u0165 vedeck\u00e9 postupy rie\u0161enia. Vie prezentova\u0165 postupy a dosiahnut\u00e9 v\u00fdsledky svojej vedeckej pr\u00e1ce.<\/li><\/ul>\n\n\n\n<p>Laborat\u00f3rium poskytuje \u0161tudentom mo\u017enos\u0165 simulova\u0165 na modeli elektr\u00e1rne r\u00f4zne prev\u00e1dzkov\u00e9 stavy ako napr\u00edklad, f\u00e1zovanie gener\u00e1tora k&nbsp;sieti, regul\u00e1cia ot\u00e1\u010dok, regul\u00e1cia budenia a&nbsp;\u010fal\u0161ie. Model poskytuje re\u00e1lny preh\u013ead o&nbsp;elektrick\u00fdch veli\u010din\u00e1ch v&nbsp;elektriza\u010dnej s\u00fastave. Fyzik\u00e1lny model umo\u017e\u0148uje \u0161tudentom overova\u0165 si svoje teoretick\u00e9 poznatky a&nbsp;z\u00edskava\u0165 sk\u00fasenosti bl\u00ed\u017eiace sa k&nbsp;re\u00e1lnym stavom v&nbsp;sieti.<\/p>\n\n\n\n<p>Model elektr\u00e1rne je mo\u017en\u00e9 ovl\u00e1da\u0165 ru\u010dne, alebo dia\u013ekovo z&nbsp;PC pomocou SCADA syst\u00e9mu. Model pozost\u00e1va z&nbsp; motorom poh\u00e1\u0148an\u00e9ho gener\u00e1tora&nbsp; s&nbsp;meran\u00edm nap\u00e4tia, pr\u00fadu, frekvencie a dod\u00e1van\u00e9ho v\u00fdkonu. Panel obsahuje synchromeranie pre mo\u017enos\u0165 f\u00e1zovania k&nbsp;sieti. Model \u010falej pozost\u00e1va z rozvodne s&nbsp;jedn\u00fdm syst\u00e9mom pr\u00edpojn\u00edc. Model umo\u017e\u0148uje prip\u00e1janie a&nbsp;odp\u00e1janie r\u00f4znych typov z\u00e1\u0165a\u017e\u00ed ako aj regul\u00e1ciu budenia gener\u00e1tora.<\/p>\n\n\n\n<div class=\"wp-block-image\"><figure class=\"aligncenter size-large is-resized\"><img loading=\"lazy\" src=\"https:\/\/kee.fei.tuke.sk\/wp-content\/uploads\/2021\/03\/obr.1-1-1024x768.jpg\" alt=\"\" width=\"512\" height=\"384\"\/><figcaption>Model elektr\u00e1rne<\/figcaption><\/figure><\/div>\n\n\n\n<p>Laborat\u00f3rium je tie\u017e vybaven\u00e1 funk\u010dn\u00fdm skri\u0148ov\u00fdm rozv\u00e1dza\u010dom 22kV s&nbsp;odpojova\u010dom,&nbsp;v\u00fdkonov\u00fdm vyp\u00edna\u010dom a&nbsp;ochranou ABB REF 543. Prvky rozv\u00e1dza\u010da je mo\u017en\u00e9 ovl\u00e1da\u0165 ru\u010dne z panela rozv\u00e1dza\u010da, alebo cez rozhranie ochrany.<\/p>\n\n\n\n<div class=\"wp-block-image\"><figure class=\"aligncenter size-large is-resized\"><img loading=\"lazy\" src=\"https:\/\/kee.fei.tuke.sk\/wp-content\/uploads\/2021\/03\/obr.2-577x1024.jpg\" alt=\"\" width=\"289\" height=\"512\"\/><figcaption>Skri\u0148ov\u00e1 rozvod\u0148a plne vyzbrojen\u00e1 s  2 digit\u00e1lnymi ochranami ABB REF 543<\/figcaption><\/figure><\/div>\n\n\n\n<div class=\"wp-block-image\"><figure class=\"aligncenter size-large is-resized\"><img loading=\"lazy\" src=\"https:\/\/kee.fei.tuke.sk\/wp-content\/uploads\/2021\/04\/LPES_4-1024x819.jpg\" alt=\"\" width=\"512\" height=\"410\"\/><\/figure><\/div>\n\n\n\n<div class=\"wp-block-image\"><figure class=\"aligncenter size-large is-resized\"><img loading=\"lazy\" src=\"https:\/\/kee.fei.tuke.sk\/wp-content\/uploads\/2021\/04\/LPES_1-465x1024.jpg\" alt=\"\" width=\"233\" height=\"512\"\/><figcaption>hdr<\/figcaption><\/figure><\/div>\n\n\n\n<p>V&nbsp;laborat\u00f3riu prev\u00e1dzky ES prebieha v\u00fduka v&nbsp;predmete Riadenie prev\u00e1dzky ES a&nbsp;Elektrick\u00e9 ochrany v&nbsp;ES.<\/p>\n","protected":false},"excerpt":{"rendered":"<p>Ved\u00faci laborat\u00f3ria: doc. Ing. Zsolt \u010conka, PhD. Laborat\u00f3rium je ur\u010den\u00e9 na&nbsp;\u0161t\u00fadium parametrov a&nbsp;prev\u00e1dzky ES. Hlavnou funkciou laborat\u00f3ria je zabezpe\u010di\u0165 vzdel\u00e1vac\u00ed proces \u0161tudentov. Laborat\u00f3rium sl\u00fa\u017ei aj&hellip;<\/p>\n","protected":false},"author":1,"featured_media":0,"parent":68,"menu_order":0,"comment_status":"closed","ping_status":"closed","template":"","meta":[],"_links":{"self":[{"href":"https:\/\/kee.fei.tuke.sk\/index.php?rest_route=\/wp\/v2\/pages\/115"}],"collection":[{"href":"https:\/\/kee.fei.tuke.sk\/index.php?rest_route=\/wp\/v2\/pages"}],"about":[{"href":"https:\/\/kee.fei.tuke.sk\/index.php?rest_route=\/wp\/v2\/types\/page"}],"author":[{"embeddable":true,"href":"https:\/\/kee.fei.tuke.sk\/index.php?rest_route=\/wp\/v2\/users\/1"}],"replies":[{"embeddable":true,"href":"https:\/\/kee.fei.tuke.sk\/index.php?rest_route=%2Fwp%2Fv2%2Fcomments&post=115"}],"version-history":[{"count":10,"href":"https:\/\/kee.fei.tuke.sk\/index.php?rest_route=\/wp\/v2\/pages\/115\/revisions"}],"predecessor-version":[{"id":2275,"href":"https:\/\/kee.fei.tuke.sk\/index.php?rest_route=\/wp\/v2\/pages\/115\/revisions\/2275"}],"up":[{"embeddable":true,"href":"https:\/\/kee.fei.tuke.sk\/index.php?rest_route=\/wp\/v2\/pages\/68"}],"wp:attachment":[{"href":"https:\/\/kee.fei.tuke.sk\/index.php?rest_route=%2Fwp%2Fv2%2Fmedia&parent=115"}],"curies":[{"name":"wp","href":"https:\/\/api.w.org\/{rel}","templated":true}]}}