{"id":111,"date":"2020-01-17T16:17:28","date_gmt":"2020-01-17T15:17:28","guid":{"rendered":"https:\/\/kee.cp2.tuke.sk\/?page_id=111"},"modified":"2022-06-29T12:49:52","modified_gmt":"2022-06-29T10:49:52","slug":"laboratorium-obnovitelnych-zdrojov-energie","status":"publish","type":"page","link":"https:\/\/kee.fei.tuke.sk\/?page_id=111","title":{"rendered":"Laborat\u00f3rium obnovite\u013en\u00fdch zdrojov energie"},"content":{"rendered":"\n<p>Ved\u00faci laborat\u00f3ria: <strong>Ing. Jozef Kir\u00e1ly, PhD.<\/strong><\/p>\n\n\n\n<p>Laborat\u00f3rium obnovite\u013en\u00fdch zdrojov na katedre elektroenergetiky disponuje modern\u00fdm zariaden\u00edm sl\u00fa\u017eiacim na&nbsp; v\u00fdskum vz\u00e1jomn\u00e9ho vplyvu s\u00fa\u010dasnej prev\u00e1dzky hybridn\u00fdch fotovoltick\u00fdch elektr\u00e1rn\u00ed a&nbsp;distribu\u010dnej s\u00fastavy. Laborat\u00f3rium pozost\u00e1va z&nbsp;regulovate\u013en\u00e9ho zdroja jednosmern\u00e9ho pr\u00fadu, ktor\u00fdm sa simuluje prev\u00e1dzka fotovoltick\u00fdch panelov pri&nbsp;r\u00f4znych atmosf\u00e9rick\u00fdch podmienkach s&nbsp;maxim\u00e1lnym v\u00fdkonom 3&nbsp; kW. Elektrick\u00fa energiu vyroben\u00fa z&nbsp;modelu fotovoltick\u00fdch panelov je n\u00e1sledne mo\u017en\u00e9 uskladni\u0165 do akumul\u00e1torov, respekt\u00edve spotrebova\u0165 vo forme z\u00e1\u0165a\u017ee. V&nbsp;pr\u00edpade nedostato\u010dnej kapacity vyrobenej energie z&nbsp;fotovoltick\u00fdch panelov, pr\u00edpadne energie uskladnenej v akumul\u00e1toroch je energia dod\u00e1van\u00e1 do z\u00e1\u0165a\u017ee z&nbsp;vonkaj\u0161ej distribu\u010dnej siete.<\/p>\n\n\n\n<p>Predmety a v\u00fdstupy vzdel\u00e1vania:<\/p>\n\n\n\n<ul><li>Bakal\u00e1rske \u0161t\u00fadium: <strong>Predmet Elektr\u00e1rne<\/strong>: &#8211; Testovanie prev\u00e1dzky nap\u00e1jania objektu z distribu\u010dnej siete a ostrovnej prev\u00e1dzky (z\u00e1kladn\u00e9 poznatky o v\u00fdroby elektrickej energie v klasick\u00fdch a obnovite\u013en\u00fdch zdrojoch energie)<\/li><li>Bakal\u00e1rske \u0161t\u00fadium: <strong>Predmet Poruchy v elektriza\u010dnej s\u00fastave<\/strong>: ( z\u00e1kladn\u00e9 poznatky o\u00a0zmen\u00e1ch elektrick\u00fdch parametrov vonkaj\u0161\u00edch veden\u00ed a ich vplyv na skratov\u00e9 pomery, z\u00e1kladn\u00e9 vedomosti zo sp\u00f4sobov prev\u00e1dzky elektrick\u00fdch siet\u00ed, v\u00fdpo\u010dtov skratov\u00fdch pomerov a ich anal\u00fdzy v elektriza\u010dn\u00fdch s\u00fastav\u00e1ch pri r\u00f4znych typoch symetrick\u00fdch a nesymetrick\u00fdch skratov a zemn\u00fdch spojeniach)<\/li><\/ul>\n\n\n\n<p>Pre simul\u00e1ciu r\u00f4znych hrani\u010dn\u00fdch podmienok, ktor\u00e9 sa m\u00f4\u017eu v&nbsp;distribu\u010dnej s\u00fastave objavi\u0165 laborat\u00f3rium obsahuje takzvan\u00fa umel\u00fa sie\u0165. Toto zariadenie umo\u017e\u0148uje nastavi\u0165 konkr\u00e9tnu \u00farove\u0148 nap\u00e4tia ako aj frekvencie distribu\u010dnej s\u00fastavy, s&nbsp;ktorou dan\u00fd hybridn\u00fd syst\u00e9m pracuje a&nbsp;sk\u00fama\u0165 tak ich vz\u00e1jomn\u00fa interakciu v&nbsp;extr\u00e9mnych prev\u00e1dzkov\u00fdch stavoch. Medzi extr\u00e9mne stavy patr\u00ed napr\u00edklad strata a obnovenie nap\u00e4tia na pr\u00edvode z&nbsp;distribu\u010dnej s\u00fastavy, skokov\u00e9 zmeny za\u0165a\u017eenia, \u010di prev\u00e1dzka hybridn\u00fdch syst\u00e9mov pri r\u00f4znej \u00farovni frekvencie siete.<\/p>\n\n\n\n<p>Laborat\u00f3rium disponuje jedn\u00fdm jednof\u00e1zov\u00fdm hybridn\u00fdm syst\u00e9mom od spolo\u010dnosti VONSCH, av\u0161ak umo\u017e\u0148uje testova\u0165 aj trojf\u00e1zov\u00e9 hybridn\u00e9 syst\u00e9my od r\u00f4znych v\u00fdrobcov.<\/p>\n\n\n\n<figure class=\"wp-block-image size-large\"><img src=\"https:\/\/kee.fei.tuke.sk\/wp-content\/uploads\/2021\/03\/loze1.jpg\" alt=\"\"\/><\/figure>\n\n\n\n<figure class=\"wp-block-image size-large\"><img src=\"https:\/\/kee.fei.tuke.sk\/wp-content\/uploads\/2021\/04\/foto_0003.jpg\" alt=\"\"\/><\/figure>\n\n\n\n<figure class=\"wp-block-image size-large\"><img src=\"https:\/\/kee.fei.tuke.sk\/wp-content\/uploads\/2021\/03\/loze3-1024x683.jpg\" alt=\"\"\/><\/figure>\n\n\n\n<figure class=\"wp-block-image size-large\"><img src=\"https:\/\/kee.fei.tuke.sk\/wp-content\/uploads\/2021\/04\/foto_0004.jpg\" alt=\"\"\/><\/figure>\n","protected":false},"excerpt":{"rendered":"<p>Ved\u00faci laborat\u00f3ria: Ing. Jozef Kir\u00e1ly, PhD. Laborat\u00f3rium obnovite\u013en\u00fdch zdrojov na katedre elektroenergetiky disponuje modern\u00fdm zariaden\u00edm sl\u00fa\u017eiacim na&nbsp; v\u00fdskum vz\u00e1jomn\u00e9ho vplyvu s\u00fa\u010dasnej prev\u00e1dzky hybridn\u00fdch fotovoltick\u00fdch elektr\u00e1rn\u00ed&hellip;<\/p>\n","protected":false},"author":1,"featured_media":0,"parent":68,"menu_order":0,"comment_status":"closed","ping_status":"closed","template":"","meta":[],"_links":{"self":[{"href":"https:\/\/kee.fei.tuke.sk\/index.php?rest_route=\/wp\/v2\/pages\/111"}],"collection":[{"href":"https:\/\/kee.fei.tuke.sk\/index.php?rest_route=\/wp\/v2\/pages"}],"about":[{"href":"https:\/\/kee.fei.tuke.sk\/index.php?rest_route=\/wp\/v2\/types\/page"}],"author":[{"embeddable":true,"href":"https:\/\/kee.fei.tuke.sk\/index.php?rest_route=\/wp\/v2\/users\/1"}],"replies":[{"embeddable":true,"href":"https:\/\/kee.fei.tuke.sk\/index.php?rest_route=%2Fwp%2Fv2%2Fcomments&post=111"}],"version-history":[{"count":7,"href":"https:\/\/kee.fei.tuke.sk\/index.php?rest_route=\/wp\/v2\/pages\/111\/revisions"}],"predecessor-version":[{"id":1612,"href":"https:\/\/kee.fei.tuke.sk\/index.php?rest_route=\/wp\/v2\/pages\/111\/revisions\/1612"}],"up":[{"embeddable":true,"href":"https:\/\/kee.fei.tuke.sk\/index.php?rest_route=\/wp\/v2\/pages\/68"}],"wp:attachment":[{"href":"https:\/\/kee.fei.tuke.sk\/index.php?rest_route=%2Fwp%2Fv2%2Fmedia&parent=111"}],"curies":[{"name":"wp","href":"https:\/\/api.w.org\/{rel}","templated":true}]}}