{"id":108,"date":"2020-01-17T16:15:45","date_gmt":"2020-01-17T15:15:45","guid":{"rendered":"https:\/\/kee.cp2.tuke.sk\/?page_id=108"},"modified":"2022-06-29T12:47:15","modified_gmt":"2022-06-29T10:47:15","slug":"laboratorium-inteligentnych-elektroinstalacnych-systemov","status":"publish","type":"page","link":"https:\/\/kee.fei.tuke.sk\/?page_id=108","title":{"rendered":"Laborat\u00f3rium inteligentn\u00fdch elektroin\u0161tala\u010dn\u00fdch syst\u00e9mov"},"content":{"rendered":"\n<p>Ved\u00faci laborat\u00f3ria<strong>:<\/strong>&nbsp;<strong>doc. Ing. Jaroslav D\u017emura, PhD.<\/strong><\/p>\n\n\n\n<p>Laborat\u00f3rium je zameran\u00e9 na podporu v\u00fdu\u010dby v oblasti inteligentn\u00fdch elektroin\u0161tala\u010dn\u00fdch syst\u00e9mov z hardv\u00e9rovej ako aj zo softv\u00e9rovej str\u00e1nky. Je mo\u017en\u00e9 sk\u00fama\u0165 vplyv r\u00f4znych architekt\u00far inteligentn\u00fdch elektroin\u0161tala\u010dn\u00fdch syst\u00e9mov na ich efektivitu, resp. na zlo\u017eitos\u0165 aplik\u00e1cie, nastavenia syst\u00e9mu a ich pou\u017e\u00edvania.<\/p>\n\n\n\n<p>Predmety a v\u00fdstupy vzdel\u00e1vania:<\/p>\n\n\n\n<ul><li>In\u017einierske \u0161t\u00fadium <strong>Predmet Automatizovan\u00e9 elektroin\u0161tala\u010dn\u00e9 syst\u00e9my<\/strong> (Z\u00e1kladn\u00e9 znalosti a\u00a0zru\u010dnosti v\u00a0oblasti programovania automatizovan\u00fdch elektroin\u0161tala\u010dn\u00fdch syst\u00e9mov. Kompetencie vo vyu\u017e\u00edvan\u00ed softv\u00e9rov\u00fdch n\u00e1strojov ETS (Engineering Tool Software) a\u00a0iDM3 (iNELS3 Designer &amp; Manager))<\/li><li>Doktorandsk\u00e9 \u0161t\u00fadium: <strong>Predmet Vedeck\u00e1 \u010dinnos\u0165 1-5.:<\/strong> Schopnos\u0165 samostatne koncipova\u0165, kon\u0161truova\u0165, realizova\u0165 a upravova\u0165 podstatn\u00fa \u010das\u0165 v\u00fdskumu s vedeckou integritou a prispeje p\u00f4vodn\u00fdm v\u00fdskumom k roz\u0161\u00edreniu hran\u00edc vedeck\u00e9ho poznania prostredn\u00edctvom realiz\u00e1cie rozsiahleho s\u00faboru pr\u00e1c, z ktor\u00fdch niektor\u00e9 s\u00fa hodn\u00e9 recenzn\u00e9ho publikovania. Dosahovanie p\u00f4vodn\u00fdch vedeck\u00fdch v\u00fdsledkov, akceptovate\u013en\u00fdch na medzin\u00e1rodnej \u00farovni. Na z\u00e1klade realiz\u00e1cie vedeck\u00e9ho v\u00fdskumu sa absolvent pova\u017euje za experta v svojej oblasti.<\/li><\/ul>\n\n\n\n<p>V laborat\u00f3riu je priamo mo\u017en\u00e9 meni\u0165 existuj\u00faci demon\u0161tra\u010dn\u00fd inteligentn\u00fd elektroin\u0161tala\u010dn\u00fd syst\u00e9m prid\u00e1van\u00edm alebo odoberan\u00edm jeho stavebn\u00fdch prvkov, napr. koncov\u00fdch zariaden\u00ed, riadiacich, centr\u00e1lnych alebo ovl\u00e1dac\u00edch jednotiek. Je tie\u017e mo\u017en\u00e9 meni\u0165 konfigur\u00e1ciu postaven\u00e9ho syst\u00e9mu a modelova\u0165 tak chovanie re\u00e1lnej aplik\u00e1cie tak\u00e9hoto syst\u00e9mu. Konfigur\u00e1cia a ovl\u00e1danie syst\u00e9mu prebieha po zbernici EIB cez pr\u00edslu\u0161n\u00fd protokol pomocou PC techniky.<\/p>\n\n\n\n<p>Vybavenie laborat\u00f3ria:<\/p>\n\n\n\n<ul><li>PC pre konfigur\u00e1ciu syst\u00e9mu s pripojen\u00edm na internet.<\/li><li>Zbernica EIB.<\/li><li>Ovl\u00e1dac\u00ed panel Siemens Touch Manager.<\/li><li>Koncov\u00e9 ovl\u00e1dan\u00e9 zariadenia: stoln\u00e9 svietidlo, \u017eiarivkov\u00e9 svietidlo s predradn\u00edkom DALI.<\/li><li>Ovl\u00e1dan\u00e9 \u017eal\u00fazie.<\/li><li>Sn\u00edma\u010de teploty, osvetlenia a dymu.<\/li><li>LOGO.<\/li><li>Programovate\u013en\u00e9 sp\u00ednacie prvky.<\/li><\/ul>\n\n\n\n<div class=\"wp-block-image\"><figure class=\"aligncenter size-large is-resized\"><img loading=\"lazy\" src=\"https:\/\/kee.fei.tuke.sk\/wp-content\/uploads\/2021\/03\/PICT0009.jpg\" alt=\"\" width=\"512\" height=\"384\"\/><\/figure><\/div>\n\n\n\n<div class=\"wp-block-image\"><figure class=\"aligncenter size-large is-resized\"><img loading=\"lazy\" src=\"https:\/\/kee.fei.tuke.sk\/wp-content\/uploads\/2021\/03\/panel-ABB-1024x842.jpg\" alt=\"\" width=\"512\" height=\"421\"\/><\/figure><\/div>\n\n\n\n<figure class=\"wp-block-image size-large is-resized\"><img loading=\"lazy\" src=\"https:\/\/kee.fei.tuke.sk\/wp-content\/uploads\/2021\/04\/lies_ets-1024x385.jpg\" alt=\"\" width=\"1024\" height=\"385\"\/><\/figure>\n\n\n\n<div class=\"wp-block-image\"><figure class=\"aligncenter size-large\"><img src=\"https:\/\/kee.fei.tuke.sk\/wp-content\/uploads\/2021\/04\/lies_schneider-1024x297.jpg\" alt=\"\"\/><\/figure><\/div>\n","protected":false},"excerpt":{"rendered":"<p>Ved\u00faci laborat\u00f3ria:&nbsp;doc. Ing. Jaroslav D\u017emura, PhD. Laborat\u00f3rium je zameran\u00e9 na podporu v\u00fdu\u010dby v oblasti inteligentn\u00fdch elektroin\u0161tala\u010dn\u00fdch syst\u00e9mov z hardv\u00e9rovej ako aj zo softv\u00e9rovej str\u00e1nky. Je&hellip;<\/p>\n","protected":false},"author":1,"featured_media":0,"parent":68,"menu_order":0,"comment_status":"closed","ping_status":"closed","template":"","meta":[],"_links":{"self":[{"href":"https:\/\/kee.fei.tuke.sk\/index.php?rest_route=\/wp\/v2\/pages\/108"}],"collection":[{"href":"https:\/\/kee.fei.tuke.sk\/index.php?rest_route=\/wp\/v2\/pages"}],"about":[{"href":"https:\/\/kee.fei.tuke.sk\/index.php?rest_route=\/wp\/v2\/types\/page"}],"author":[{"embeddable":true,"href":"https:\/\/kee.fei.tuke.sk\/index.php?rest_route=\/wp\/v2\/users\/1"}],"replies":[{"embeddable":true,"href":"https:\/\/kee.fei.tuke.sk\/index.php?rest_route=%2Fwp%2Fv2%2Fcomments&post=108"}],"version-history":[{"count":10,"href":"https:\/\/kee.fei.tuke.sk\/index.php?rest_route=\/wp\/v2\/pages\/108\/revisions"}],"predecessor-version":[{"id":1609,"href":"https:\/\/kee.fei.tuke.sk\/index.php?rest_route=\/wp\/v2\/pages\/108\/revisions\/1609"}],"up":[{"embeddable":true,"href":"https:\/\/kee.fei.tuke.sk\/index.php?rest_route=\/wp\/v2\/pages\/68"}],"wp:attachment":[{"href":"https:\/\/kee.fei.tuke.sk\/index.php?rest_route=%2Fwp%2Fv2%2Fmedia&parent=108"}],"curies":[{"name":"wp","href":"https:\/\/api.w.org\/{rel}","templated":true}]}}